{"id":2819,"date":"2023-07-17T21:24:55","date_gmt":"2023-07-17T21:24:55","guid":{"rendered":"https:\/\/maqifa.com\/?page_id=2819"},"modified":"2023-07-18T17:22:34","modified_gmt":"2023-07-18T17:22:34","slug":"plataformas-telescopicas","status":"publish","type":"page","link":"https:\/\/maqifa.com\/?page_id=2819","title":{"rendered":"Plataformas Telesc\u00f3picas"},"content":{"rendered":"\t\t<div data-elementor-type=\"wp-post\" data-elementor-id=\"2819\" class=\"elementor elementor-2819\">\n\t\t\t\t\t\t\t\t\t<section class=\"elementor-section elementor-top-section elementor-element elementor-element-64cb228 elementor-section-boxed elementor-section-height-default elementor-section-height-default\" data-id=\"64cb228\" data-element_type=\"section\">\n\t\t\t\t\t\t<div class=\"elementor-container elementor-column-gap-default\">\n\t\t\t\t\t<div class=\"elementor-column elementor-col-100 elementor-top-column elementor-element elementor-element-f3c2ee9\" data-id=\"f3c2ee9\" data-element_type=\"column\">\n\t\t\t<div class=\"elementor-widget-wrap elementor-element-populated\">\n\t\t\t\t\t\t\t\t<div class=\"elementor-element elementor-element-6cb1a7f elementor-widget elementor-widget-buildbench-title\" data-id=\"6cb1a7f\" data-element_type=\"widget\" data-widget_type=\"buildbench-title.default\">\n\t\t\t\t<div class=\"elementor-widget-container\">\n\t\t\t         <div class=\"section-heading-content\">\n            <h2 class=\"section-title\">\n                <span class=\"sub-title\">Renta y Venta<\/span>\n                 Plataformas Telesc\u00f3picas                              <\/h2>\n         <\/div><!-- Section title -->\t\t\n\n     \n    \t\t<\/div>\n\t\t\t\t<\/div>\n\t\t\t\t\t<\/div>\n\t\t<\/div>\n\t\t\t\t\t\t\t<\/div>\n\t\t<\/section>\n\t\t\t\t<section class=\"elementor-section elementor-top-section elementor-element elementor-element-5e5df77 elementor-section-boxed elementor-section-height-default elementor-section-height-default\" data-id=\"5e5df77\" data-element_type=\"section\">\n\t\t\t\t\t\t<div class=\"elementor-container elementor-column-gap-default\">\n\t\t\t\t\t<div class=\"elementor-column elementor-col-50 elementor-top-column elementor-element elementor-element-c4cc0f1\" data-id=\"c4cc0f1\" data-element_type=\"column\">\n\t\t\t<div class=\"elementor-widget-wrap elementor-element-populated\">\n\t\t\t\t\t\t\t\t<div class=\"elementor-element elementor-element-794aac1 elementor-position-left elementor-vertical-align-top elementor-widget elementor-widget-image-box\" data-id=\"794aac1\" data-element_type=\"widget\" data-widget_type=\"image-box.default\">\n\t\t\t\t<div class=\"elementor-widget-container\">\n\t\t\t<style>\/*! elementor - v3.14.0 - 26-06-2023 *\/\n.elementor-widget-image-box .elementor-image-box-content{width:100%}@media (min-width:768px){.elementor-widget-image-box.elementor-position-left .elementor-image-box-wrapper,.elementor-widget-image-box.elementor-position-right .elementor-image-box-wrapper{display:flex}.elementor-widget-image-box.elementor-position-right .elementor-image-box-wrapper{text-align:right;flex-direction:row-reverse}.elementor-widget-image-box.elementor-position-left .elementor-image-box-wrapper{text-align:left;flex-direction:row}.elementor-widget-image-box.elementor-position-top .elementor-image-box-img{margin:auto}.elementor-widget-image-box.elementor-vertical-align-top .elementor-image-box-wrapper{align-items:flex-start}.elementor-widget-image-box.elementor-vertical-align-middle .elementor-image-box-wrapper{align-items:center}.elementor-widget-image-box.elementor-vertical-align-bottom .elementor-image-box-wrapper{align-items:flex-end}}@media (max-width:767px){.elementor-widget-image-box .elementor-image-box-img{margin-left:auto!important;margin-right:auto!important;margin-bottom:15px}}.elementor-widget-image-box .elementor-image-box-img{display:inline-block}.elementor-widget-image-box .elementor-image-box-title a{color:inherit}.elementor-widget-image-box .elementor-image-box-wrapper{text-align:center}.elementor-widget-image-box .elementor-image-box-description{margin:0}<\/style><div class=\"elementor-image-box-wrapper\"><figure class=\"elementor-image-box-img\"><img loading=\"lazy\" decoding=\"async\" width=\"433\" height=\"576\" src=\"https:\/\/maqifa.com\/wp-content\/uploads\/2023\/07\/z-4023nrj_cutout-1-removebg-preview.png\" class=\"attachment-full size-full wp-image-2965\" alt=\"\" srcset=\"https:\/\/maqifa.com\/wp-content\/uploads\/2023\/07\/z-4023nrj_cutout-1-removebg-preview.png 433w, https:\/\/maqifa.com\/wp-content\/uploads\/2023\/07\/z-4023nrj_cutout-1-removebg-preview-226x300.png 226w\" sizes=\"auto, (max-width: 433px) 100vw, 433px\" \/><\/figure><div class=\"elementor-image-box-content\"><h3 class=\"elementor-image-box-title\">Z-40\/23 N<\/h3><p class=\"elementor-image-box-description\">Altura de trabajo m\u00e1x.\t14,32 m<br>\nAlcance horizontal m\u00e1x.\t6,91 m<br>\nAltura de articulaci\u00f3n m\u00e1x. (brazo sec. extendido)\t6,48 m<br>Capacidad de plataforma\t227 kg<\/p><\/div><\/div>\t\t<\/div>\n\t\t\t\t<\/div>\n\t\t\t\t<div class=\"elementor-element elementor-element-7ad2267 elementor-position-left elementor-vertical-align-top elementor-widget elementor-widget-image-box\" data-id=\"7ad2267\" data-element_type=\"widget\" data-widget_type=\"image-box.default\">\n\t\t\t\t<div class=\"elementor-widget-container\">\n\t\t\t<div class=\"elementor-image-box-wrapper\"><figure class=\"elementor-image-box-img\"><img loading=\"lazy\" decoding=\"async\" width=\"395\" height=\"631\" src=\"https:\/\/maqifa.com\/wp-content\/uploads\/2023\/07\/Z-4525-JDC-removebg-preview.png\" class=\"attachment-full size-full wp-image-2978\" alt=\"\" srcset=\"https:\/\/maqifa.com\/wp-content\/uploads\/2023\/07\/Z-4525-JDC-removebg-preview.png 395w, https:\/\/maqifa.com\/wp-content\/uploads\/2023\/07\/Z-4525-JDC-removebg-preview-188x300.png 188w\" sizes=\"auto, (max-width: 395px) 100vw, 395px\" \/><\/figure><div class=\"elementor-image-box-content\"><h3 class=\"elementor-image-box-title\">Z-45\/25J DC<\/h3><p class=\"elementor-image-box-description\">Altura de trabajo m\u00e1x.\t15,94 m<br>Alcance horizontal m\u00e1x.\t6,75 m<br>Altura de articulaci\u00f3n m\u00e1x. (brazo sec. extendido)<br>Capacidad de plataforma\t227 kg\n<\/p><\/div><\/div>\t\t<\/div>\n\t\t\t\t<\/div>\n\t\t\t\t<div class=\"elementor-element elementor-element-34cfc0e elementor-position-left elementor-vertical-align-top elementor-widget elementor-widget-image-box\" data-id=\"34cfc0e\" data-element_type=\"widget\" data-widget_type=\"image-box.default\">\n\t\t\t\t<div class=\"elementor-widget-container\">\n\t\t\t<div class=\"elementor-image-box-wrapper\"><figure class=\"elementor-image-box-img\"><img loading=\"lazy\" decoding=\"async\" width=\"433\" height=\"576\" src=\"https:\/\/maqifa.com\/wp-content\/uploads\/2023\/07\/s-45xc-1003-cutout-removebg-preview.png\" class=\"attachment-full size-full wp-image-2824\" alt=\"\" srcset=\"https:\/\/maqifa.com\/wp-content\/uploads\/2023\/07\/s-45xc-1003-cutout-removebg-preview.png 433w, https:\/\/maqifa.com\/wp-content\/uploads\/2023\/07\/s-45xc-1003-cutout-removebg-preview-226x300.png 226w\" sizes=\"auto, (max-width: 433px) 100vw, 433px\" \/><\/figure><div class=\"elementor-image-box-content\"><h3 class=\"elementor-image-box-title\">S-40 XC, S-40 TraX y S-45 XC, S-45 TraX<\/h3><p class=\"elementor-image-box-description\">Altura de trabajo m\u00e1x.\tS-40 XC: 14.04 m \/ S-45 XC: 15.56 m <br>Alcance horizontal m\u00e1x.\tS-40 XC: 9,47 m \/ S-45 XC: 11,02 m<br>Alcance debajo de la horizontal\tS-40 XC: 0,30 m \/ S-45 XC: 1,27 m<br>Capacidad de plataforma\t300 kg sin restricciones, 454 kg restringida<br>Anchura y longitud de la m\u00e1quina\tS-40 XC: 2.49 m, 8.03 m \/ S-45 XC: 2.49 m, 9.47 m<\/p><\/div><\/div>\t\t<\/div>\n\t\t\t\t<\/div>\n\t\t\t\t<div class=\"elementor-element elementor-element-11219d7 elementor-position-left elementor-vertical-align-top elementor-widget elementor-widget-image-box\" data-id=\"11219d7\" data-element_type=\"widget\" data-widget_type=\"image-box.default\">\n\t\t\t\t<div class=\"elementor-widget-container\">\n\t\t\t<div class=\"elementor-image-box-wrapper\"><figure class=\"elementor-image-box-img\"><img loading=\"lazy\" decoding=\"async\" width=\"450\" height=\"555\" src=\"https:\/\/maqifa.com\/wp-content\/uploads\/2023\/07\/Azzura-Photography_-1011-Outlined-removebg-preview.png\" class=\"attachment-full size-full wp-image-2833\" alt=\"\" srcset=\"https:\/\/maqifa.com\/wp-content\/uploads\/2023\/07\/Azzura-Photography_-1011-Outlined-removebg-preview.png 450w, https:\/\/maqifa.com\/wp-content\/uploads\/2023\/07\/Azzura-Photography_-1011-Outlined-removebg-preview-243x300.png 243w\" sizes=\"auto, (max-width: 450px) 100vw, 450px\" \/><\/figure><div class=\"elementor-image-box-content\"><h3 class=\"elementor-image-box-title\">S-60 J<\/h3><p class=\"elementor-image-box-description\">Altura de trabajo m\u00e1x.\t20.50 m<br>Alcance horizontal m\u00e1x.\t12.30 m<br>Capacidad de plataforma\t300 kg<br>Anchura y longitud de la m\u00e1quina\t2.49 m - 9.70 m<\/p><\/div><\/div>\t\t<\/div>\n\t\t\t\t<\/div>\n\t\t\t\t<div class=\"elementor-element elementor-element-995917c elementor-position-left elementor-vertical-align-top elementor-widget elementor-widget-image-box\" data-id=\"995917c\" data-element_type=\"widget\" data-widget_type=\"image-box.default\">\n\t\t\t\t<div class=\"elementor-widget-container\">\n\t\t\t<div class=\"elementor-image-box-wrapper\"><figure class=\"elementor-image-box-img\"><img loading=\"lazy\" decoding=\"async\" width=\"408\" height=\"612\" src=\"https:\/\/maqifa.com\/wp-content\/uploads\/2023\/07\/S-60-DC-elevated-NO-OPERATORS-transparent-backgroundbba78ef99b264d0c9912ab2e894de49f__1_-removebg-preview.png\" class=\"attachment-full size-full wp-image-2839\" alt=\"\" srcset=\"https:\/\/maqifa.com\/wp-content\/uploads\/2023\/07\/S-60-DC-elevated-NO-OPERATORS-transparent-backgroundbba78ef99b264d0c9912ab2e894de49f__1_-removebg-preview.png 408w, https:\/\/maqifa.com\/wp-content\/uploads\/2023\/07\/S-60-DC-elevated-NO-OPERATORS-transparent-backgroundbba78ef99b264d0c9912ab2e894de49f__1_-removebg-preview-200x300.png 200w\" sizes=\"auto, (max-width: 408px) 100vw, 408px\" \/><\/figure><div class=\"elementor-image-box-content\"><h3 class=\"elementor-image-box-title\">S-60 DC<\/h3><p class=\"elementor-image-box-description\">Altura de trabajo m\u00e1x.\t20.60 m <br>Alcance horizontal m\u00e1x.\t12.30 m<br>Capacidad de plataforma\t300 kg<br>Anchura y longitud de la m\u00e1quina\t2.49 m - 9.65 m<\/p><\/div><\/div>\t\t<\/div>\n\t\t\t\t<\/div>\n\t\t\t\t<div class=\"elementor-element elementor-element-e7a3c48 elementor-position-left elementor-vertical-align-top elementor-widget elementor-widget-image-box\" data-id=\"e7a3c48\" data-element_type=\"widget\" data-widget_type=\"image-box.default\">\n\t\t\t\t<div class=\"elementor-widget-container\">\n\t\t\t<div class=\"elementor-image-box-wrapper\"><figure class=\"elementor-image-box-img\"><img loading=\"lazy\" decoding=\"async\" width=\"437\" height=\"571\" src=\"https:\/\/maqifa.com\/wp-content\/uploads\/2023\/07\/s-80j-removebg-preview.png\" class=\"attachment-full size-full wp-image-2840\" alt=\"\" srcset=\"https:\/\/maqifa.com\/wp-content\/uploads\/2023\/07\/s-80j-removebg-preview.png 437w, https:\/\/maqifa.com\/wp-content\/uploads\/2023\/07\/s-80j-removebg-preview-230x300.png 230w\" sizes=\"auto, (max-width: 437px) 100vw, 437px\" \/><\/figure><div class=\"elementor-image-box-content\"><h3 class=\"elementor-image-box-title\">S-80 J y S-80 J TraX<\/h3><p class=\"elementor-image-box-description\">Altura de trabajo m\u00e1x.\t26.51 m<br>Alcance horizontal m\u00e1x.\t16.69 m<br>Capacidad de plataforma\t300 kg<br>Anchura y longitud de la m\u00e1quina\tS-80 J: 2.49 m, 10.44 m | S-80 TraX: 2.54 m, 10.44 m<\/p><\/div><\/div>\t\t<\/div>\n\t\t\t\t<\/div>\n\t\t\t\t<div class=\"elementor-element elementor-element-4f229cb elementor-position-left elementor-vertical-align-top elementor-widget elementor-widget-image-box\" data-id=\"4f229cb\" data-element_type=\"widget\" data-widget_type=\"image-box.default\">\n\t\t\t\t<div class=\"elementor-widget-container\">\n\t\t\t<div class=\"elementor-image-box-wrapper\"><figure class=\"elementor-image-box-img\"><img loading=\"lazy\" decoding=\"async\" width=\"433\" height=\"576\" src=\"https:\/\/maqifa.com\/wp-content\/uploads\/2023\/07\/sx-125xc_cutout-1-removebg-preview.png\" class=\"attachment-full size-full wp-image-2848\" alt=\"\" srcset=\"https:\/\/maqifa.com\/wp-content\/uploads\/2023\/07\/sx-125xc_cutout-1-removebg-preview.png 433w, https:\/\/maqifa.com\/wp-content\/uploads\/2023\/07\/sx-125xc_cutout-1-removebg-preview-226x300.png 226w\" sizes=\"auto, (max-width: 433px) 100vw, 433px\" \/><\/figure><div class=\"elementor-image-box-content\"><h3 class=\"elementor-image-box-title\">SX-125 XC<\/h3><p class=\"elementor-image-box-description\">Altura de trabajo m\u00e1x.\t40,10 m<br>\nAlcance horizontal m\u00e1x.\t24,38 m<br>Alcance debajo de la horizontal\t2,69 m<br>Capacidad de plataforma\t300 kg sin restricciones, 454 kg restringida<br>Anchura y longitud de la m\u00e1quina\t3,94 m \/ 14,25 m<\/p><\/div><\/div>\t\t<\/div>\n\t\t\t\t<\/div>\n\t\t\t\t<div class=\"elementor-element elementor-element-addd4ab elementor-position-left elementor-vertical-align-top elementor-widget elementor-widget-image-box\" data-id=\"addd4ab\" data-element_type=\"widget\" data-widget_type=\"image-box.default\">\n\t\t\t\t<div class=\"elementor-widget-container\">\n\t\t\t<div class=\"elementor-image-box-wrapper\"><figure class=\"elementor-image-box-img\"><img loading=\"lazy\" decoding=\"async\" width=\"433\" height=\"576\" src=\"https:\/\/maqifa.com\/wp-content\/uploads\/2023\/07\/sx-150_cutout-1-removebg-preview.png\" class=\"attachment-full size-full wp-image-2854\" alt=\"\" srcset=\"https:\/\/maqifa.com\/wp-content\/uploads\/2023\/07\/sx-150_cutout-1-removebg-preview.png 433w, https:\/\/maqifa.com\/wp-content\/uploads\/2023\/07\/sx-150_cutout-1-removebg-preview-226x300.png 226w\" sizes=\"auto, (max-width: 433px) 100vw, 433px\" \/><\/figure><div class=\"elementor-image-box-content\"><h3 class=\"elementor-image-box-title\">SX-150<\/h3><p class=\"elementor-image-box-description\">Altura de trabajo m\u00e1x.\t48,02 m<br>Alcance horizontal m\u00e1x.\t24,38 m<br>Alcance debajo de la horizontal\t0,61 m<br>Capacidad de plataforma\t340 kg<br>Anchura y longitud de la m\u00e1quina\t2,49 m \/ 16,18 m\n<\/p><\/div><\/div>\t\t<\/div>\n\t\t\t\t<\/div>\n\t\t\t\t\t<\/div>\n\t\t<\/div>\n\t\t\t\t<div class=\"elementor-column elementor-col-50 elementor-top-column elementor-element elementor-element-ba9123f\" data-id=\"ba9123f\" data-element_type=\"column\">\n\t\t\t<div class=\"elementor-widget-wrap elementor-element-populated\">\n\t\t\t\t\t\t\t\t<div class=\"elementor-element elementor-element-98cab90 elementor-position-left elementor-vertical-align-top elementor-widget elementor-widget-image-box\" data-id=\"98cab90\" data-element_type=\"widget\" data-widget_type=\"image-box.default\">\n\t\t\t\t<div class=\"elementor-widget-container\">\n\t\t\t<div class=\"elementor-image-box-wrapper\"><figure class=\"elementor-image-box-img\"><img loading=\"lazy\" decoding=\"async\" width=\"433\" height=\"576\" src=\"https:\/\/maqifa.com\/wp-content\/uploads\/2023\/07\/z-4023nrj_cutout-1-removebg-preview.png\" class=\"attachment-full size-full wp-image-2965\" alt=\"\" srcset=\"https:\/\/maqifa.com\/wp-content\/uploads\/2023\/07\/z-4023nrj_cutout-1-removebg-preview.png 433w, https:\/\/maqifa.com\/wp-content\/uploads\/2023\/07\/z-4023nrj_cutout-1-removebg-preview-226x300.png 226w\" sizes=\"auto, (max-width: 433px) 100vw, 433px\" \/><\/figure><div class=\"elementor-image-box-content\"><h3 class=\"elementor-image-box-title\">Z-40\/23 N RJ<\/h3><p class=\"elementor-image-box-description\">Altura de trabajo m\u00e1x.\t14,32 m <br>\nAlcance horizontal m\u00e1x.\t6,91 m <br>\nAltura de articulaci\u00f3n m\u00e1x. (brazo sec. extendido)\t6,48 m<br>Capacidad de plataforma\t227 kg<\/p><\/div><\/div>\t\t<\/div>\n\t\t\t\t<\/div>\n\t\t\t\t<div class=\"elementor-element elementor-element-e262925 elementor-position-left elementor-vertical-align-top elementor-widget elementor-widget-image-box\" data-id=\"e262925\" data-element_type=\"widget\" data-widget_type=\"image-box.default\">\n\t\t\t\t<div class=\"elementor-widget-container\">\n\t\t\t<div class=\"elementor-image-box-wrapper\"><figure class=\"elementor-image-box-img\"><img loading=\"lazy\" decoding=\"async\" width=\"433\" height=\"576\" src=\"https:\/\/maqifa.com\/wp-content\/uploads\/2023\/07\/z-4525rt_cutout-1-removebg-preview.png\" class=\"attachment-full size-full wp-image-2980\" alt=\"\" srcset=\"https:\/\/maqifa.com\/wp-content\/uploads\/2023\/07\/z-4525rt_cutout-1-removebg-preview.png 433w, https:\/\/maqifa.com\/wp-content\/uploads\/2023\/07\/z-4525rt_cutout-1-removebg-preview-226x300.png 226w\" sizes=\"auto, (max-width: 433px) 100vw, 433px\" \/><\/figure><div class=\"elementor-image-box-content\"><h3 class=\"elementor-image-box-title\">Z-45\/25J RT<\/h3><p class=\"elementor-image-box-description\">Altura de trabajo m\u00e1x.\t16,05 m <br>\nAlcance horizontal m\u00e1x.\t7,52 m <br>\nAltura de articulaci\u00f3n m\u00e1x. (brazo sec. extendido)\t7,14 m<br>Capacidad de plataforma\t227 kg<\/p><\/div><\/div>\t\t<\/div>\n\t\t\t\t<\/div>\n\t\t\t\t<div class=\"elementor-element elementor-element-6e8c69f elementor-position-left elementor-vertical-align-top elementor-widget elementor-widget-image-box\" data-id=\"6e8c69f\" data-element_type=\"widget\" data-widget_type=\"image-box.default\">\n\t\t\t\t<div class=\"elementor-widget-container\">\n\t\t\t<div class=\"elementor-image-box-wrapper\"><figure class=\"elementor-image-box-img\"><img loading=\"lazy\" decoding=\"async\" width=\"433\" height=\"576\" src=\"https:\/\/maqifa.com\/wp-content\/uploads\/2023\/07\/s-65xc_cutout-1-removebg-preview.png\" class=\"attachment-full size-full wp-image-2829\" alt=\"\" srcset=\"https:\/\/maqifa.com\/wp-content\/uploads\/2023\/07\/s-65xc_cutout-1-removebg-preview.png 433w, https:\/\/maqifa.com\/wp-content\/uploads\/2023\/07\/s-65xc_cutout-1-removebg-preview-226x300.png 226w\" sizes=\"auto, (max-width: 433px) 100vw, 433px\" \/><\/figure><div class=\"elementor-image-box-content\"><h3 class=\"elementor-image-box-title\">S-60 XC**, S-60 TraX** y S-65 XC, S-65 TraX<\/h3><p class=\"elementor-image-box-description\">Altura de trabajo m\u00e1x.\tS-60 XC: 20.29 m \/ S-65 XC: 21.81 m<br>\nAlcance horizontal m\u00e1x.\tS-60 XC: 14.80 m \/ S-65 XC: 16.51 m<br>Alcance debajo de la horizontal\tS-60 XC: 1.65 m \/ S-65 XC: 2.65 m<br>Capacidad de plataforma\t300 kg sin restricciones, 454 kg restringida<br>Anchura y longitud de la m\u00e1quina\tS-60 XC: 2.49 m, 8.71 m \/ S-65 XC: 2.49 m, 9.76 m<\/p><\/div><\/div>\t\t<\/div>\n\t\t\t\t<\/div>\n\t\t\t\t<div class=\"elementor-element elementor-element-f08c188 elementor-position-left elementor-vertical-align-top elementor-widget elementor-widget-image-box\" data-id=\"f08c188\" data-element_type=\"widget\" data-widget_type=\"image-box.default\">\n\t\t\t\t<div class=\"elementor-widget-container\">\n\t\t\t<div class=\"elementor-image-box-wrapper\"><figure class=\"elementor-image-box-img\"><img loading=\"lazy\" decoding=\"async\" width=\"408\" height=\"612\" src=\"https:\/\/maqifa.com\/wp-content\/uploads\/2023\/07\/S-80-XC95ee0933-a65a-4777-ba52-e18ff7c5cc88-removebg-preview.png\" class=\"attachment-full size-full wp-image-2837\" alt=\"\" srcset=\"https:\/\/maqifa.com\/wp-content\/uploads\/2023\/07\/S-80-XC95ee0933-a65a-4777-ba52-e18ff7c5cc88-removebg-preview.png 408w, https:\/\/maqifa.com\/wp-content\/uploads\/2023\/07\/S-80-XC95ee0933-a65a-4777-ba52-e18ff7c5cc88-removebg-preview-200x300.png 200w\" sizes=\"auto, (max-width: 408px) 100vw, 408px\" \/><\/figure><div class=\"elementor-image-box-content\"><h3 class=\"elementor-image-box-title\">S-80 XC** y S-85 XC<\/h3><p class=\"elementor-image-box-description\">Altura de trabajo m\u00e1x.\tS-80 XC: 26,38 m | S-85 XC: 27,91 m<br>Alcance horizontal m\u00e1x.\tS-80 XC: 20,88 m | S-85 XC: 22,71 m<br>Alcance debajo de la horizontal\tS-80 XC: 1,68 m | S-85 XC: 2,64 m<br>Capacidad de plataforma\t300 kg sin restricciones, 454 kg restringida<br>Anchura y longitud de la m\u00e1quina\tS-80 XC: 2,49 m, 11,49 m | S-85 XC: 2,49 m, 12,37 m<\/p><\/div><\/div>\t\t<\/div>\n\t\t\t\t<\/div>\n\t\t\t\t<div class=\"elementor-element elementor-element-5b11941 elementor-position-left elementor-vertical-align-top elementor-widget elementor-widget-image-box\" data-id=\"5b11941\" data-element_type=\"widget\" data-widget_type=\"image-box.default\">\n\t\t\t\t<div class=\"elementor-widget-container\">\n\t\t\t<div class=\"elementor-image-box-wrapper\"><figure class=\"elementor-image-box-img\"><img loading=\"lazy\" decoding=\"async\" width=\"433\" height=\"577\" src=\"https:\/\/maqifa.com\/wp-content\/uploads\/2023\/07\/S-60-FE-smalleba22804-a64f-4494-818c-42bcdcbcd93f-removebg-preview.png\" class=\"attachment-full size-full wp-image-2844\" alt=\"\" srcset=\"https:\/\/maqifa.com\/wp-content\/uploads\/2023\/07\/S-60-FE-smalleba22804-a64f-4494-818c-42bcdcbcd93f-removebg-preview.png 433w, https:\/\/maqifa.com\/wp-content\/uploads\/2023\/07\/S-60-FE-smalleba22804-a64f-4494-818c-42bcdcbcd93f-removebg-preview-225x300.png 225w\" sizes=\"auto, (max-width: 433px) 100vw, 433px\" \/><\/figure><div class=\"elementor-image-box-content\"><h3 class=\"elementor-image-box-title\">S-60 FE<\/h3><p class=\"elementor-image-box-description\">Altura de trabajo m\u00e1x.\t20.60 m<br>Alcance horizontal m\u00e1x.\t12.30 m<br>Capacidad de plataforma\t300 kg<br>Anchura y longitud de la m\u00e1quina\t2.49 m | 9.65 m<\/p><\/div><\/div>\t\t<\/div>\n\t\t\t\t<\/div>\n\t\t\t\t<div class=\"elementor-element elementor-element-7419c6b elementor-position-left elementor-vertical-align-top elementor-widget elementor-widget-image-box\" data-id=\"7419c6b\" data-element_type=\"widget\" data-widget_type=\"image-box.default\">\n\t\t\t\t<div class=\"elementor-widget-container\">\n\t\t\t<div class=\"elementor-image-box-wrapper\"><figure class=\"elementor-image-box-img\"><img loading=\"lazy\" decoding=\"async\" width=\"433\" height=\"576\" src=\"https:\/\/maqifa.com\/wp-content\/uploads\/2023\/07\/sx-135xc_cutout-1-removebg-preview.png\" class=\"attachment-full size-full wp-image-2850\" alt=\"\" srcset=\"https:\/\/maqifa.com\/wp-content\/uploads\/2023\/07\/sx-135xc_cutout-1-removebg-preview.png 433w, https:\/\/maqifa.com\/wp-content\/uploads\/2023\/07\/sx-135xc_cutout-1-removebg-preview-226x300.png 226w\" sizes=\"auto, (max-width: 433px) 100vw, 433px\" \/><\/figure><div class=\"elementor-image-box-content\"><h3 class=\"elementor-image-box-title\">SX-135 XC<\/h3><p class=\"elementor-image-box-description\">Altura de trabajo m\u00e1x.\t43,15 m<br>\nAlcance horizontal m\u00e1x.\t27,43 m<br>Alcance debajo de la horizontal\t6,00 m<br>Capacidad de plataforma\t300 kg sin restricciones, 454 kg restringida<br>Anchura y longitud de la m\u00e1quina\t3,94 m \/ 19,76 m<\/p><\/div><\/div>\t\t<\/div>\n\t\t\t\t<\/div>\n\t\t\t\t<div class=\"elementor-element elementor-element-86d970d elementor-position-left elementor-vertical-align-top elementor-widget elementor-widget-image-box\" data-id=\"86d970d\" data-element_type=\"widget\" data-widget_type=\"image-box.default\">\n\t\t\t\t<div class=\"elementor-widget-container\">\n\t\t\t<div class=\"elementor-image-box-wrapper\"><figure class=\"elementor-image-box-img\"><img loading=\"lazy\" decoding=\"async\" width=\"433\" height=\"576\" src=\"https:\/\/maqifa.com\/wp-content\/uploads\/2023\/07\/sx-180_cutout-1-removebg-preview.png\" class=\"attachment-full size-full wp-image-2860\" alt=\"\" srcset=\"https:\/\/maqifa.com\/wp-content\/uploads\/2023\/07\/sx-180_cutout-1-removebg-preview.png 433w, https:\/\/maqifa.com\/wp-content\/uploads\/2023\/07\/sx-180_cutout-1-removebg-preview-226x300.png 226w\" sizes=\"auto, (max-width: 433px) 100vw, 433px\" \/><\/figure><div class=\"elementor-image-box-content\"><h3 class=\"elementor-image-box-title\">SX-180<\/h3><p class=\"elementor-image-box-description\">Altura de trabajo m\u00e1x.\t56,86 m<br>Alcance horizontal m\u00e1x.\t24,38 m<br>Alcance debajo de la horizontal\t0,61 m<br>Capacidad de plataforma\t340 kg<br>Anchura y longitud de la m\u00e1quina\t5,03 m \/ 14,33 m<\/p><\/div><\/div>\t\t<\/div>\n\t\t\t\t<\/div>\n\t\t\t\t\t<\/div>\n\t\t<\/div>\n\t\t\t\t\t\t\t<\/div>\n\t\t<\/section>\n\t\t\t\t\t\t\t<\/div>\n\t\t","protected":false},"excerpt":{"rendered":"<p>Renta y Venta Plataformas Telesc\u00f3picas Z-40\/23 N Altura de trabajo m\u00e1x. 14,32 m Alcance horizontal m\u00e1x. 6,91 m Altura de articulaci\u00f3n m\u00e1x. (brazo sec. extendido) 6,48 mCapacidad de plataforma 227 kg Z-45\/25J DC Altura de trabajo m\u00e1x. 15,94 mAlcance horizontal m\u00e1x. 6,75 mAltura de articulaci\u00f3n m\u00e1x. (brazo sec. extendido)Capacidad de plataforma 227 kg S-40 XC, [&hellip;]<\/p>\n","protected":false},"author":1,"featured_media":0,"parent":0,"menu_order":0,"comment_status":"closed","ping_status":"closed","template":"template\/full-width-template.php","meta":{"footnotes":""},"class_list":["post-2819","page","type-page","status-publish","hentry"],"_links":{"self":[{"href":"https:\/\/maqifa.com\/index.php?rest_route=\/wp\/v2\/pages\/2819","targetHints":{"allow":["GET"]}}],"collection":[{"href":"https:\/\/maqifa.com\/index.php?rest_route=\/wp\/v2\/pages"}],"about":[{"href":"https:\/\/maqifa.com\/index.php?rest_route=\/wp\/v2\/types\/page"}],"author":[{"embeddable":true,"href":"https:\/\/maqifa.com\/index.php?rest_route=\/wp\/v2\/users\/1"}],"replies":[{"embeddable":true,"href":"https:\/\/maqifa.com\/index.php?rest_route=%2Fwp%2Fv2%2Fcomments&post=2819"}],"version-history":[{"count":47,"href":"https:\/\/maqifa.com\/index.php?rest_route=\/wp\/v2\/pages\/2819\/revisions"}],"predecessor-version":[{"id":2983,"href":"https:\/\/maqifa.com\/index.php?rest_route=\/wp\/v2\/pages\/2819\/revisions\/2983"}],"wp:attachment":[{"href":"https:\/\/maqifa.com\/index.php?rest_route=%2Fwp%2Fv2%2Fmedia&parent=2819"}],"curies":[{"name":"wp","href":"https:\/\/api.w.org\/{rel}","templated":true}]}}