{"id":179,"date":"2019-03-13T06:47:12","date_gmt":"2019-03-13T06:47:12","guid":{"rendered":"http:\/\/localhost\/buildbench\/?page_id=179"},"modified":"2023-07-18T15:44:42","modified_gmt":"2023-07-18T15:44:42","slug":"our-services","status":"publish","type":"page","link":"https:\/\/maqifa.com\/?page_id=179","title":{"rendered":"Gr\u00faas de tijera"},"content":{"rendered":"\t\t<div data-elementor-type=\"wp-post\" data-elementor-id=\"179\" class=\"elementor elementor-179\">\n\t\t\t\t\t\t\t\t\t<section class=\"elementor-section elementor-top-section elementor-element elementor-element-64cb228 elementor-section-boxed elementor-section-height-default elementor-section-height-default\" data-id=\"64cb228\" data-element_type=\"section\">\n\t\t\t\t\t\t<div class=\"elementor-container elementor-column-gap-default\">\n\t\t\t\t\t<div class=\"elementor-column elementor-col-100 elementor-top-column elementor-element elementor-element-f3c2ee9\" data-id=\"f3c2ee9\" data-element_type=\"column\">\n\t\t\t<div class=\"elementor-widget-wrap elementor-element-populated\">\n\t\t\t\t\t\t\t\t<div class=\"elementor-element elementor-element-6cb1a7f elementor-widget elementor-widget-buildbench-title\" data-id=\"6cb1a7f\" data-element_type=\"widget\" data-widget_type=\"buildbench-title.default\">\n\t\t\t\t<div class=\"elementor-widget-container\">\n\t\t\t         <div class=\"section-heading-content\">\n            <h2 class=\"section-title\">\n                <span class=\"sub-title\">Renta y Venta<\/span>\n                 Plataformas de Tijera                             <\/h2>\n         <\/div><!-- Section title -->\t\t\n\n     \n    \t\t<\/div>\n\t\t\t\t<\/div>\n\t\t\t\t\t<\/div>\n\t\t<\/div>\n\t\t\t\t\t\t\t<\/div>\n\t\t<\/section>\n\t\t\t\t<section class=\"elementor-section elementor-top-section elementor-element elementor-element-5e5df77 elementor-section-boxed elementor-section-height-default elementor-section-height-default\" data-id=\"5e5df77\" data-element_type=\"section\">\n\t\t\t\t\t\t<div class=\"elementor-container elementor-column-gap-default\">\n\t\t\t\t\t<div class=\"elementor-column elementor-col-50 elementor-top-column elementor-element elementor-element-c4cc0f1\" data-id=\"c4cc0f1\" data-element_type=\"column\">\n\t\t\t<div class=\"elementor-widget-wrap elementor-element-populated\">\n\t\t\t\t\t\t\t\t<div class=\"elementor-element elementor-element-794aac1 elementor-position-left elementor-vertical-align-top elementor-widget elementor-widget-image-box\" data-id=\"794aac1\" data-element_type=\"widget\" data-widget_type=\"image-box.default\">\n\t\t\t\t<div class=\"elementor-widget-container\">\n\t\t\t<style>\/*! elementor - v3.14.0 - 26-06-2023 *\/\n.elementor-widget-image-box .elementor-image-box-content{width:100%}@media (min-width:768px){.elementor-widget-image-box.elementor-position-left .elementor-image-box-wrapper,.elementor-widget-image-box.elementor-position-right .elementor-image-box-wrapper{display:flex}.elementor-widget-image-box.elementor-position-right .elementor-image-box-wrapper{text-align:right;flex-direction:row-reverse}.elementor-widget-image-box.elementor-position-left .elementor-image-box-wrapper{text-align:left;flex-direction:row}.elementor-widget-image-box.elementor-position-top .elementor-image-box-img{margin:auto}.elementor-widget-image-box.elementor-vertical-align-top .elementor-image-box-wrapper{align-items:flex-start}.elementor-widget-image-box.elementor-vertical-align-middle .elementor-image-box-wrapper{align-items:center}.elementor-widget-image-box.elementor-vertical-align-bottom .elementor-image-box-wrapper{align-items:flex-end}}@media (max-width:767px){.elementor-widget-image-box .elementor-image-box-img{margin-left:auto!important;margin-right:auto!important;margin-bottom:15px}}.elementor-widget-image-box .elementor-image-box-img{display:inline-block}.elementor-widget-image-box .elementor-image-box-title a{color:inherit}.elementor-widget-image-box .elementor-image-box-wrapper{text-align:center}.elementor-widget-image-box .elementor-image-box-description{margin:0}<\/style><div class=\"elementor-image-box-wrapper\"><figure class=\"elementor-image-box-img\"><img loading=\"lazy\" decoding=\"async\" width=\"433\" height=\"576\" src=\"https:\/\/maqifa.com\/wp-content\/uploads\/2023\/07\/gs1432m_cut-out_hr2-removebg-preview.png\" class=\"attachment-full size-full wp-image-2787\" alt=\"\" srcset=\"https:\/\/maqifa.com\/wp-content\/uploads\/2023\/07\/gs1432m_cut-out_hr2-removebg-preview.png 433w, https:\/\/maqifa.com\/wp-content\/uploads\/2023\/07\/gs1432m_cut-out_hr2-removebg-preview-226x300.png 226w\" sizes=\"auto, (max-width: 433px) 100vw, 433px\" \/><\/figure><div class=\"elementor-image-box-content\"><h3 class=\"elementor-image-box-title\">GS-1432m E-Drive<\/h3><p class=\"elementor-image-box-description\">Altura de trabajo m\u00e1x.\t6.30 m<br>\nCapacidad de plataforma\t227 kg<br>\nAnchura de la m\u00e1quina\t81 cm<br>\nLongitud de la m\u00e1quina\t1.40 m<br>\nPeso\t900 kg<\/p><\/div><\/div>\t\t<\/div>\n\t\t\t\t<\/div>\n\t\t\t\t<div class=\"elementor-element elementor-element-11219d7 elementor-position-left elementor-vertical-align-top elementor-widget elementor-widget-image-box\" data-id=\"11219d7\" data-element_type=\"widget\" data-widget_type=\"image-box.default\">\n\t\t\t\t<div class=\"elementor-widget-container\">\n\t\t\t<div class=\"elementor-image-box-wrapper\"><figure class=\"elementor-image-box-img\"><img loading=\"lazy\" decoding=\"async\" width=\"433\" height=\"576\" src=\"https:\/\/maqifa.com\/wp-content\/uploads\/2023\/07\/gs-4069dc_cutout-1-removebg-preview.png\" class=\"attachment-full size-full wp-image-2779\" alt=\"\" srcset=\"https:\/\/maqifa.com\/wp-content\/uploads\/2023\/07\/gs-4069dc_cutout-1-removebg-preview.png 433w, https:\/\/maqifa.com\/wp-content\/uploads\/2023\/07\/gs-4069dc_cutout-1-removebg-preview-226x300.png 226w\" sizes=\"auto, (max-width: 433px) 100vw, 433px\" \/><\/figure><div class=\"elementor-image-box-content\"><h3 class=\"elementor-image-box-title\">GS-1432m E-Drive<\/h3><p class=\"elementor-image-box-description\">Altura de trabajo m\u00e1x.\t6.30 m<br>\nCapacidad de plataforma\t227 kg<br>\nAnchura de la m\u00e1quina\t81 cm<br>\nLongitud de la m\u00e1quina\t1.40 m<br>\nPeso\t900 kg<\/p><\/div><\/div>\t\t<\/div>\n\t\t\t\t<\/div>\n\t\t\t\t<div class=\"elementor-element elementor-element-995917c elementor-position-left elementor-vertical-align-top elementor-widget elementor-widget-image-box\" data-id=\"995917c\" data-element_type=\"widget\" data-widget_type=\"image-box.default\">\n\t\t\t\t<div class=\"elementor-widget-container\">\n\t\t\t<div class=\"elementor-image-box-wrapper\"><figure class=\"elementor-image-box-img\"><img loading=\"lazy\" decoding=\"async\" width=\"433\" height=\"576\" src=\"https:\/\/maqifa.com\/wp-content\/uploads\/2023\/07\/gs-2646-cutout-1-removebg-preview.png\" class=\"attachment-full size-full wp-image-2795\" alt=\"\" srcset=\"https:\/\/maqifa.com\/wp-content\/uploads\/2023\/07\/gs-2646-cutout-1-removebg-preview.png 433w, https:\/\/maqifa.com\/wp-content\/uploads\/2023\/07\/gs-2646-cutout-1-removebg-preview-226x300.png 226w\" sizes=\"auto, (max-width: 433px) 100vw, 433px\" \/><\/figure><div class=\"elementor-image-box-content\"><h3 class=\"elementor-image-box-title\">GS-2646 E-Drive<\/h3><p class=\"elementor-image-box-description\">Altura de trabajo m\u00e1x.\t9,80 m <br>\nCapacidad de plataforma\t454 kg <br>\nAnchura de la m\u00e1quina\t1,17 m <br>\nLongitud de la m\u00e1quina\t2,41 m <br>\nPeso\t2.412 kg <\/p><\/div><\/div>\t\t<\/div>\n\t\t\t\t<\/div>\n\t\t\t\t<div class=\"elementor-element elementor-element-e7a3c48 elementor-position-left elementor-vertical-align-top elementor-widget elementor-widget-image-box\" data-id=\"e7a3c48\" data-element_type=\"widget\" data-widget_type=\"image-box.default\">\n\t\t\t\t<div class=\"elementor-widget-container\">\n\t\t\t<div class=\"elementor-image-box-wrapper\"><figure class=\"elementor-image-box-img\"><img loading=\"lazy\" decoding=\"async\" width=\"433\" height=\"576\" src=\"https:\/\/maqifa.com\/wp-content\/uploads\/2023\/07\/gs-3232_cutout-1-removebg-preview.png\" class=\"attachment-full size-full wp-image-2799\" alt=\"\" srcset=\"https:\/\/maqifa.com\/wp-content\/uploads\/2023\/07\/gs-3232_cutout-1-removebg-preview.png 433w, https:\/\/maqifa.com\/wp-content\/uploads\/2023\/07\/gs-3232_cutout-1-removebg-preview-226x300.png 226w\" sizes=\"auto, (max-width: 433px) 100vw, 433px\" \/><\/figure><div class=\"elementor-image-box-content\"><h3 class=\"elementor-image-box-title\">GS-3232 E-Drive<\/h3><p class=\"elementor-image-box-description\">Altura de trabajo m\u00e1x.\t11,50 m <br>\nCapacidad de plataforma\t227 kg <br>\nAnchura de la m\u00e1quina\t0,81 m<br>\nLongitud de la m\u00e1quina\t2,44 m<br>\nPeso\t2.352 kg<\/p><\/div><\/div>\t\t<\/div>\n\t\t\t\t<\/div>\n\t\t\t\t<div class=\"elementor-element elementor-element-4f229cb elementor-position-left elementor-vertical-align-top elementor-widget elementor-widget-image-box\" data-id=\"4f229cb\" data-element_type=\"widget\" data-widget_type=\"image-box.default\">\n\t\t\t\t<div class=\"elementor-widget-container\">\n\t\t\t<div class=\"elementor-image-box-wrapper\"><figure class=\"elementor-image-box-img\"><img loading=\"lazy\" decoding=\"async\" width=\"433\" height=\"576\" src=\"https:\/\/maqifa.com\/wp-content\/uploads\/2023\/07\/gs-4069dc_cutout-1-removebg-preview-2.png\" class=\"attachment-full size-full wp-image-2798\" alt=\"\" srcset=\"https:\/\/maqifa.com\/wp-content\/uploads\/2023\/07\/gs-4069dc_cutout-1-removebg-preview-2.png 433w, https:\/\/maqifa.com\/wp-content\/uploads\/2023\/07\/gs-4069dc_cutout-1-removebg-preview-2-226x300.png 226w\" sizes=\"auto, (max-width: 433px) 100vw, 433px\" \/><\/figure><div class=\"elementor-image-box-content\"><h3 class=\"elementor-image-box-title\">GS-3369 DC<\/h3><p class=\"elementor-image-box-description\">Altura de trabajo m\u00e1x.\t11,75 m<br>\nCapacidad de plataforma\t454 kg<br>\nAnchura de la m\u00e1quina\t1,75 m<br>\nLongitud de la m\u00e1quina\t3,12 m<br>\nPeso\t3.480 kg<\/p><\/div><\/div>\t\t<\/div>\n\t\t\t\t<\/div>\n\t\t\t\t<div class=\"elementor-element elementor-element-addd4ab elementor-position-left elementor-vertical-align-top elementor-widget elementor-widget-image-box\" data-id=\"addd4ab\" data-element_type=\"widget\" data-widget_type=\"image-box.default\">\n\t\t\t\t<div class=\"elementor-widget-container\">\n\t\t\t<div class=\"elementor-image-box-wrapper\"><figure class=\"elementor-image-box-img\"><img loading=\"lazy\" decoding=\"async\" width=\"433\" height=\"576\" src=\"https:\/\/maqifa.com\/wp-content\/uploads\/2023\/07\/gs-4069dc_cutout-1-removebg-preview-2.png\" class=\"attachment-full size-full wp-image-2798\" alt=\"\" srcset=\"https:\/\/maqifa.com\/wp-content\/uploads\/2023\/07\/gs-4069dc_cutout-1-removebg-preview-2.png 433w, https:\/\/maqifa.com\/wp-content\/uploads\/2023\/07\/gs-4069dc_cutout-1-removebg-preview-2-226x300.png 226w\" sizes=\"auto, (max-width: 433px) 100vw, 433px\" \/><\/figure><div class=\"elementor-image-box-content\"><h3 class=\"elementor-image-box-title\">GS-4069 DC<\/h3><p class=\"elementor-image-box-description\">Altura de trabajo m\u00e1x.\t14,12 m<br>\nCapacidad de plataforma\t363 kg<br>\nAnchura de la m\u00e1quina\t1,75 m<br>\nLongitud de la m\u00e1quina\t3,12 m<br>\nPeso\t4.924 kg<\/p><\/div><\/div>\t\t<\/div>\n\t\t\t\t<\/div>\n\t\t\t\t\t<\/div>\n\t\t<\/div>\n\t\t\t\t<div class=\"elementor-column elementor-col-50 elementor-top-column elementor-element elementor-element-ba9123f\" data-id=\"ba9123f\" data-element_type=\"column\">\n\t\t\t<div class=\"elementor-widget-wrap elementor-element-populated\">\n\t\t\t\t\t\t\t\t<div class=\"elementor-element elementor-element-98cab90 elementor-position-left elementor-vertical-align-top elementor-widget elementor-widget-image-box\" data-id=\"98cab90\" data-element_type=\"widget\" data-widget_type=\"image-box.default\">\n\t\t\t\t<div class=\"elementor-widget-container\">\n\t\t\t<div class=\"elementor-image-box-wrapper\"><figure class=\"elementor-image-box-img\"><img loading=\"lazy\" decoding=\"async\" width=\"433\" height=\"576\" src=\"https:\/\/maqifa.com\/wp-content\/uploads\/2023\/07\/gs-1932m_cut-out_hr2-removebg-preview.png\" class=\"attachment-full size-full wp-image-2786\" alt=\"\" srcset=\"https:\/\/maqifa.com\/wp-content\/uploads\/2023\/07\/gs-1932m_cut-out_hr2-removebg-preview.png 433w, https:\/\/maqifa.com\/wp-content\/uploads\/2023\/07\/gs-1932m_cut-out_hr2-removebg-preview-226x300.png 226w\" sizes=\"auto, (max-width: 433px) 100vw, 433px\" \/><\/figure><div class=\"elementor-image-box-content\"><h3 class=\"elementor-image-box-title\">GS-1932m E-Drive<\/h3><p class=\"elementor-image-box-description\">Altura de trabajo m\u00e1x.\t7.55 m <br>\nCapacidad de plataforma\t227 kg <br>\nAnchura de la m\u00e1quina\t0.81 m<br>\nLongitud de la m\u00e1quina\t1.40 m<br>\nPeso\t1,179 kg<\/p><\/div><\/div>\t\t<\/div>\n\t\t\t\t<\/div>\n\t\t\t\t<div class=\"elementor-element elementor-element-f08c188 elementor-position-left elementor-vertical-align-top elementor-widget elementor-widget-image-box\" data-id=\"f08c188\" data-element_type=\"widget\" data-widget_type=\"image-box.default\">\n\t\t\t\t<div class=\"elementor-widget-container\">\n\t\t\t<div class=\"elementor-image-box-wrapper\"><figure class=\"elementor-image-box-img\"><img loading=\"lazy\" decoding=\"async\" width=\"433\" height=\"576\" src=\"https:\/\/maqifa.com\/wp-content\/uploads\/2023\/07\/gs-2032_10161-removebg-preview.png\" class=\"attachment-full size-full wp-image-2791\" alt=\"\" srcset=\"https:\/\/maqifa.com\/wp-content\/uploads\/2023\/07\/gs-2032_10161-removebg-preview.png 433w, https:\/\/maqifa.com\/wp-content\/uploads\/2023\/07\/gs-2032_10161-removebg-preview-226x300.png 226w\" sizes=\"auto, (max-width: 433px) 100vw, 433px\" \/><\/figure><div class=\"elementor-image-box-content\"><h3 class=\"elementor-image-box-title\"> GS-2032 y GS-2032 E-Drive<\/h3><p class=\"elementor-image-box-description\">Altura de trabajo m\u00e1x.\t7,90 m <br>\nCapacidad de plataforma\t363 kg <br>\nAnchura y longitud de la m\u00e1quina\t0,81 m<br>\nLongitud de la m\u00e1quina\t2,44 m<br>\nPeso\t2.012 kg<\/p><\/div><\/div>\t\t<\/div>\n\t\t\t\t<\/div>\n\t\t\t\t<div class=\"elementor-element elementor-element-5b11941 elementor-position-left elementor-vertical-align-top elementor-widget elementor-widget-image-box\" data-id=\"5b11941\" data-element_type=\"widget\" data-widget_type=\"image-box.default\">\n\t\t\t\t<div class=\"elementor-widget-container\">\n\t\t\t<div class=\"elementor-image-box-wrapper\"><figure class=\"elementor-image-box-img\"><img loading=\"lazy\" decoding=\"async\" width=\"433\" height=\"576\" src=\"https:\/\/maqifa.com\/wp-content\/uploads\/2023\/07\/gs-4069dc_cutout-1-removebg-preview-2.png\" class=\"attachment-full size-full wp-image-2798\" alt=\"\" srcset=\"https:\/\/maqifa.com\/wp-content\/uploads\/2023\/07\/gs-4069dc_cutout-1-removebg-preview-2.png 433w, https:\/\/maqifa.com\/wp-content\/uploads\/2023\/07\/gs-4069dc_cutout-1-removebg-preview-2-226x300.png 226w\" sizes=\"auto, (max-width: 433px) 100vw, 433px\" \/><\/figure><div class=\"elementor-image-box-content\"><h3 class=\"elementor-image-box-title\">GS-2669 DC<\/h3><p class=\"elementor-image-box-description\">Altura de trabajo m\u00e1x.\t9,70 m <br>\nCapacidad de plataforma\t680 kg <br>\nAnchura de la m\u00e1quina\t1,75 m <br>\nLongitud de la m\u00e1quina\t3,12 m<br>\nPeso\t3.597 kg<br><\/p><\/div><\/div>\t\t<\/div>\n\t\t\t\t<\/div>\n\t\t\t\t<div class=\"elementor-element elementor-element-7419c6b elementor-position-left elementor-vertical-align-top elementor-widget elementor-widget-image-box\" data-id=\"7419c6b\" data-element_type=\"widget\" data-widget_type=\"image-box.default\">\n\t\t\t\t<div class=\"elementor-widget-container\">\n\t\t\t<div class=\"elementor-image-box-wrapper\"><figure class=\"elementor-image-box-img\"><img loading=\"lazy\" decoding=\"async\" width=\"433\" height=\"576\" src=\"https:\/\/maqifa.com\/wp-content\/uploads\/2023\/07\/gs-2646-cutout-1-removebg-preview.png\" class=\"attachment-full size-full wp-image-2795\" alt=\"\" srcset=\"https:\/\/maqifa.com\/wp-content\/uploads\/2023\/07\/gs-2646-cutout-1-removebg-preview.png 433w, https:\/\/maqifa.com\/wp-content\/uploads\/2023\/07\/gs-2646-cutout-1-removebg-preview-226x300.png 226w\" sizes=\"auto, (max-width: 433px) 100vw, 433px\" \/><\/figure><div class=\"elementor-image-box-content\"><h3 class=\"elementor-image-box-title\">GS-3246 E-Drive<\/h3><p class=\"elementor-image-box-description\">Altura de trabajo m\u00e1x.\t11,75 m <br>\nCapacidad de plataforma\t318 kg <br>\nAnchura de la m\u00e1quina\t1,17 m <br>\nLongitud de la m\u00e1quina\t2,41 m <br>\nPeso\t2.781 kg<\/p><\/div><\/div>\t\t<\/div>\n\t\t\t\t<\/div>\n\t\t\t\t<div class=\"elementor-element elementor-element-86d970d elementor-position-left elementor-vertical-align-top elementor-widget elementor-widget-image-box\" data-id=\"86d970d\" data-element_type=\"widget\" data-widget_type=\"image-box.default\">\n\t\t\t\t<div class=\"elementor-widget-container\">\n\t\t\t<div class=\"elementor-image-box-wrapper\"><figure class=\"elementor-image-box-img\"><img loading=\"lazy\" decoding=\"async\" width=\"433\" height=\"576\" src=\"https:\/\/maqifa.com\/wp-content\/uploads\/2023\/07\/gs-4046-cutout-removebg-preview.png\" class=\"attachment-full size-full wp-image-2809\" alt=\"\" srcset=\"https:\/\/maqifa.com\/wp-content\/uploads\/2023\/07\/gs-4046-cutout-removebg-preview.png 433w, https:\/\/maqifa.com\/wp-content\/uploads\/2023\/07\/gs-4046-cutout-removebg-preview-226x300.png 226w\" sizes=\"auto, (max-width: 433px) 100vw, 433px\" \/><\/figure><div class=\"elementor-image-box-content\"><h3 class=\"elementor-image-box-title\">GS-4046 E-Drive<\/h3><p class=\"elementor-image-box-description\">Altura de trabajo m\u00e1x.\t13.94 m <br>\nCapacidad de plataforma\t350 kg<br>\nAnchura de la m\u00e1quina\t1.18 m<br>\nLongitud de la m\u00e1quina\t2.48 m<br>\nPeso\t3,117 kg<\/p><\/div><\/div>\t\t<\/div>\n\t\t\t\t<\/div>\n\t\t\t\t<div class=\"elementor-element elementor-element-a561c51 elementor-position-left elementor-vertical-align-top elementor-widget elementor-widget-image-box\" data-id=\"a561c51\" data-element_type=\"widget\" data-widget_type=\"image-box.default\">\n\t\t\t\t<div class=\"elementor-widget-container\">\n\t\t\t<div class=\"elementor-image-box-wrapper\"><figure class=\"elementor-image-box-img\"><img loading=\"lazy\" decoding=\"async\" width=\"433\" height=\"577\" src=\"https:\/\/maqifa.com\/wp-content\/uploads\/2023\/07\/gs-4655-cutout-removebg-preview.png\" class=\"attachment-full size-full wp-image-2771\" alt=\"\" srcset=\"https:\/\/maqifa.com\/wp-content\/uploads\/2023\/07\/gs-4655-cutout-removebg-preview.png 433w, https:\/\/maqifa.com\/wp-content\/uploads\/2023\/07\/gs-4655-cutout-removebg-preview-225x300.png 225w\" sizes=\"auto, (max-width: 433px) 100vw, 433px\" \/><\/figure><div class=\"elementor-image-box-content\"><h3 class=\"elementor-image-box-title\">GS-4655 E-Drive<\/h3><p class=\"elementor-image-box-description\">Altura de trabajo m\u00e1x.\t15.95 m <br>\nCapacidad de plataforma\t350 kg<br>\nAnchura de la m\u00e1quina\t1.41 m<br>\nLongitud de la m\u00e1quina\t3.11 m<br>\nPeso\t3,701 kg<\/p><\/div><\/div>\t\t<\/div>\n\t\t\t\t<\/div>\n\t\t\t\t\t<\/div>\n\t\t<\/div>\n\t\t\t\t\t\t\t<\/div>\n\t\t<\/section>\n\t\t\t\t\t\t\t<\/div>\n\t\t","protected":false},"excerpt":{"rendered":"<p>Renta y Venta Plataformas de Tijera GS-1432m E-Drive Altura de trabajo m\u00e1x. 6.30 m Capacidad de plataforma 227 kg Anchura de la m\u00e1quina 81 cm Longitud de la m\u00e1quina 1.40 m Peso 900 kg GS-1432m E-Drive Altura de trabajo m\u00e1x. 6.30 m Capacidad de plataforma 227 kg Anchura de la m\u00e1quina 81 cm Longitud de [&hellip;]<\/p>\n","protected":false},"author":1,"featured_media":0,"parent":0,"menu_order":0,"comment_status":"closed","ping_status":"closed","template":"template\/full-width-template.php","meta":{"footnotes":""},"class_list":["post-179","page","type-page","status-publish","hentry"],"_links":{"self":[{"href":"https:\/\/maqifa.com\/index.php?rest_route=\/wp\/v2\/pages\/179","targetHints":{"allow":["GET"]}}],"collection":[{"href":"https:\/\/maqifa.com\/index.php?rest_route=\/wp\/v2\/pages"}],"about":[{"href":"https:\/\/maqifa.com\/index.php?rest_route=\/wp\/v2\/types\/page"}],"author":[{"embeddable":true,"href":"https:\/\/maqifa.com\/index.php?rest_route=\/wp\/v2\/users\/1"}],"replies":[{"embeddable":true,"href":"https:\/\/maqifa.com\/index.php?rest_route=%2Fwp%2Fv2%2Fcomments&post=179"}],"version-history":[{"count":42,"href":"https:\/\/maqifa.com\/index.php?rest_route=\/wp\/v2\/pages\/179\/revisions"}],"predecessor-version":[{"id":2932,"href":"https:\/\/maqifa.com\/index.php?rest_route=\/wp\/v2\/pages\/179\/revisions\/2932"}],"wp:attachment":[{"href":"https:\/\/maqifa.com\/index.php?rest_route=%2Fwp%2Fv2%2Fmedia&parent=179"}],"curies":[{"name":"wp","href":"https:\/\/api.w.org\/{rel}","templated":true}]}}